{"id":19,"date":"2013-01-17T17:48:00","date_gmt":"2013-01-17T16:48:00","guid":{"rendered":"https:\/\/www.ortopediaortobalsa.com\/ortobalsa\/?page_id=19"},"modified":"2013-03-26T13:13:31","modified_gmt":"2013-03-26T12:13:31","slug":"quienes-somos","status":"publish","type":"page","link":"https:\/\/www.ortopediaortobalsa.com\/ortobalsa\/quienes-somos\/","title":{"rendered":"Qui\u00e9nes somos"},"content":{"rendered":"<p>&nbsp;<\/p>\n<p><img loading=\"lazy\" class=\"size-full wp-image-281 alignright\" alt=\"LOGO cuadrado\" src=\"https:\/\/www.ortopediaortobalsa.com\/ortobalsa\/wp-content\/uploads\/2013\/02\/LOGO-cuadrado-e1364235700166.png\" width=\"380\" height=\"360\" \/><\/p>\n<p>Ortobalsa es una empresa formada por profesionales de la Ortopedia, especializados en diversas \u00e1reas con el fin de poder ofrecer el m\u00e1s amplio servicio y soluciones m\u00e1s id\u00f3neas a sus clientes.<\/p>\n<p>Fundada en 1980, Ortobalsa cuenta con m\u00e1s de 30 a\u00f1os al servicio de la salud en temas relacionados con la recuperaci\u00f3n de lesiones, la correcci\u00f3n postural, la asesor\u00eda en el deporte, los problemas derivados de la falta de movilidad, etc.<\/p>\n<p>Nuestro objetivo es la mejora de la calidad de vida de todas aquellas personas que se tratan con nosotros, ofreci\u00e9ndoles soluciones personalizadas que se adaptan a sus necesidades y problemas particulares.<\/p>\n<p>Nuestra mayor recompensa reside en la confianza y la satisfacci\u00f3n de nuestros pacientes, que nos han permitido cumplir ya nuestra cuarta d\u00e9cada en el mundo de la ortopedia, ofreci\u00e9ndoles siempre las \u00faltimas innovaciones y avances experimentados para cada \u00e1rea.<\/p>\n<p>&nbsp;<\/p>\n","protected":false},"excerpt":{"rendered":"<p>&nbsp; Ortobalsa es una empresa formada por profesionales de la Ortopedia, especializados en diversas \u00e1reas con el fin de poder ofrecer el m\u00e1s amplio servicio y soluciones m\u00e1s id\u00f3neas a sus clientes. Fundada en 1980, Ortobalsa cuenta con m\u00e1s de 30 a\u00f1os al servicio de la salud en temas relacionados&#8230;<\/p>\n","protected":false},"author":3,"featured_media":0,"parent":0,"menu_order":2,"comment_status":"closed","ping_status":"closed","template":"template-fullwidth.php","meta":[],"_links":{"self":[{"href":"https:\/\/www.ortopediaortobalsa.com\/ortobalsa\/wp-json\/wp\/v2\/pages\/19"}],"collection":[{"href":"https:\/\/www.ortopediaortobalsa.com\/ortobalsa\/wp-json\/wp\/v2\/pages"}],"about":[{"href":"https:\/\/www.ortopediaortobalsa.com\/ortobalsa\/wp-json\/wp\/v2\/types\/page"}],"author":[{"embeddable":true,"href":"https:\/\/www.ortopediaortobalsa.com\/ortobalsa\/wp-json\/wp\/v2\/users\/3"}],"replies":[{"embeddable":true,"href":"https:\/\/www.ortopediaortobalsa.com\/ortobalsa\/wp-json\/wp\/v2\/comments?post=19"}],"version-history":[{"count":15,"href":"https:\/\/www.ortopediaortobalsa.com\/ortobalsa\/wp-json\/wp\/v2\/pages\/19\/revisions"}],"predecessor-version":[{"id":22,"href":"https:\/\/www.ortopediaortobalsa.com\/ortobalsa\/wp-json\/wp\/v2\/pages\/19\/revisions\/22"}],"wp:attachment":[{"href":"https:\/\/www.ortopediaortobalsa.com\/ortobalsa\/wp-json\/wp\/v2\/media?parent=19"}],"curies":[{"name":"wp","href":"https:\/\/api.w.org\/{rel}","templated":true}]}}