{"id":562,"date":"2014-01-15T18:38:40","date_gmt":"2014-01-15T16:38:40","guid":{"rendered":"https:\/\/www.ortopediaortobalsa.com\/ortobalsa\/?page_id=562"},"modified":"2017-03-27T12:30:05","modified_gmt":"2017-03-27T10:30:05","slug":"catalogo_ortopedia","status":"publish","type":"page","link":"https:\/\/www.ortopediaortobalsa.com\/ortobalsa\/catalogo_ortopedia\/","title":{"rendered":"Cat\u00e1logo de productos"},"content":{"rendered":"<h1><span style=\"font-size: 1.17em; line-height: 1.5em;\">\u00a0Nuestros productos de ortopedia, con \u00a0soluciones a medida<\/span><\/h1>\n<p><span style=\"line-height: 1.5em;\">A continuaci\u00f3n encontrar\u00e1s distribuida en distintas <\/span><strong style=\"line-height: 1.5em;\">\u00e1reas tem\u00e1ticas<\/strong><span style=\"line-height: 1.5em;\"> una selecci\u00f3n importante de nuestro cat\u00e1logo de productos. Para m\u00e1s informaci\u00f3n, no dudes en llamarnos al tel\u00e9fono 91 647 47 31, o pasarte por nuestra ortopedia. Estaremos encantados de atenderte.<\/span><\/p>\n\n\t\t<style type=\"text\/css\">\n\t\t\t#gallery-2 {\n\t\t\t\tmargin: auto;\n\t\t\t}\n\t\t\t#gallery-2 .gallery-item {\n\t\t\t\tfloat: left;\n\t\t\t\tmargin-top: 10px;\n\t\t\t\ttext-align: center;\n\t\t\t\twidth: 33%;\n\t\t\t}\n\t\t\t#gallery-2 img {\n\t\t\t\tborder: 2px solid #cfcfcf;\n\t\t\t}\n\t\t\t#gallery-2 .gallery-caption {\n\t\t\t\tmargin-left: 0;\n\t\t\t}\n\t\t\t\/* see gallery_shortcode() in wp-includes\/media.php *\/\n\t\t<\/style>\n\t\t<div id='gallery-2' class='gallery galleryid-562 gallery-columns-3 gallery-size-thumbnail'><dl class='gallery-item'>\n\t\t\t<dt class='gallery-icon landscape'>\n\t\t\t\t<a href=\" https:\/\/www.ortopediaortobalsa.com\/ortobalsa\/ortesis-catalogo\/\" class=\"no-lightbox\"><img width=\"150\" height=\"150\" src=\"https:\/\/www.ortopediaortobalsa.com\/ortobalsa\/wp-content\/uploads\/2014\/01\/Ortesis-rodilla1-150x150.jpg\" class=\"attachment-thumbnail size-thumbnail\" alt=\"Operaci\u00f3n de rodilla\" loading=\"lazy\" aria-describedby=\"gallery-2-989\" \/><\/a>\n\t\t\t<\/dt>\n\t\t\t\t<dd class='wp-caption-text gallery-caption' id='gallery-2-989'>\n\t\t\t\t\u00d3rtesis \n\t\t\t\t<\/dd><\/dl><dl class='gallery-item'>\n\t\t\t<dt class='gallery-icon landscape'>\n\t\t\t\t<a href=\"https:\/\/www.ortopediaortobalsa.com\/ortobalsa\/vida_diaria_catalogo\/\" class=\"no-lightbox\"><img width=\"150\" height=\"150\" src=\"https:\/\/www.ortopediaortobalsa.com\/ortobalsa\/wp-content\/uploads\/2014\/01\/Tabla_ba\u00f1era-150x150.png\" class=\"attachment-thumbnail size-thumbnail\" alt=\"\" loading=\"lazy\" aria-describedby=\"gallery-2-609\" \/><\/a>\n\t\t\t<\/dt>\n\t\t\t\t<dd class='wp-caption-text gallery-caption' id='gallery-2-609'>\n\t\t\t\tAyudas en la Vida diaria\n\t\t\t\t<\/dd><\/dl><dl class='gallery-item'>\n\t\t\t<dt class='gallery-icon landscape'>\n\t\t\t\t<a href=\"https:\/\/www.ortopediaortobalsa.com\/ortobalsa\/protesis_catalogo\" class=\"no-lightbox\"><img width=\"150\" height=\"150\" src=\"https:\/\/www.ortopediaortobalsa.com\/ortobalsa\/wp-content\/uploads\/2014\/01\/Pr\u00f3tesis_ortopedicas-150x150.jpg\" class=\"attachment-thumbnail size-thumbnail\" alt=\"\" loading=\"lazy\" aria-describedby=\"gallery-2-623\" \/><\/a>\n\t\t\t<\/dt>\n\t\t\t\t<dd class='wp-caption-text gallery-caption' id='gallery-2-623'>\n\t\t\t\tPr\u00f3tesis\n\t\t\t\t<\/dd><\/dl><br style=\"clear: both\" \/><dl class='gallery-item'>\n\t\t\t<dt class='gallery-icon portrait'>\n\t\t\t\t<a href=\"https:\/\/www.ortopediaortobalsa.com\/ortobalsa\/presoterapia_catalogo\" class=\"no-lightbox\"><img width=\"150\" height=\"150\" src=\"https:\/\/www.ortopediaortobalsa.com\/ortobalsa\/wp-content\/uploads\/2014\/01\/Medias_descanso6-150x150.jpg\" class=\"attachment-thumbnail size-thumbnail\" alt=\"\" loading=\"lazy\" aria-describedby=\"gallery-2-640\" \/><\/a>\n\t\t\t<\/dt>\n\t\t\t\t<dd class='wp-caption-text gallery-caption' id='gallery-2-640'>\n\t\t\t\tPresoterapia\n\t\t\t\t<\/dd><\/dl><dl class='gallery-item'>\n\t\t\t<dt class='gallery-icon portrait'>\n\t\t\t\t<a href=\"https:\/\/www.ortopediaortobalsa.com\/ortobalsa\/corses\" class=\"no-lightbox\"><img width=\"150\" height=\"150\" src=\"https:\/\/www.ortopediaortobalsa.com\/ortobalsa\/wp-content\/uploads\/2014\/01\/cors\u00e9s_ortopedicos_correccion_postural-150x150.jpg\" class=\"attachment-thumbnail size-thumbnail\" alt=\"Cors\u00e9s, correcci\u00f3n postural\" loading=\"lazy\" aria-describedby=\"gallery-2-617\" \/><\/a>\n\t\t\t<\/dt>\n\t\t\t\t<dd class='wp-caption-text gallery-caption' id='gallery-2-617'>\n\t\t\t\tCors\u00e9s\n\t\t\t\t<\/dd><\/dl><dl class='gallery-item'>\n\t\t\t<dt class='gallery-icon landscape'>\n\t\t\t\t<a href=\"https:\/\/www.ortopediaortobalsa.com\/ortobalsa\/problemas_movilidad_catalogo\" class=\"no-lightbox\"><img width=\"150\" height=\"150\" src=\"https:\/\/www.ortopediaortobalsa.com\/ortobalsa\/wp-content\/uploads\/2014\/01\/Scooter_ortopedia-150x150.jpg\" class=\"attachment-thumbnail size-thumbnail\" alt=\"\" loading=\"lazy\" aria-describedby=\"gallery-2-615\" srcset=\"https:\/\/www.ortopediaortobalsa.com\/ortobalsa\/wp-content\/uploads\/2014\/01\/Scooter_ortopedia-150x150.jpg 150w, https:\/\/www.ortopediaortobalsa.com\/ortobalsa\/wp-content\/uploads\/2014\/01\/Scooter_ortopedia.jpg 160w\" sizes=\"(max-width: 150px) 100vw, 150px\" \/><\/a>\n\t\t\t<\/dt>\n\t\t\t\t<dd class='wp-caption-text gallery-caption' id='gallery-2-615'>\n\t\t\t\tSoluciones para la movilidad\n\t\t\t\t<\/dd><\/dl><br style=\"clear: both\" \/><dl class='gallery-item'>\n\t\t\t<dt class='gallery-icon landscape'>\n\t\t\t\t<a href=\" https:\/\/www.ortopediaortobalsa.com\/ortobalsa\/varios\/\" class=\"no-lightbox\"><img width=\"150\" height=\"150\" src=\"https:\/\/www.ortopediaortobalsa.com\/ortobalsa\/wp-content\/uploads\/2017\/03\/FONENDOSCOPIO-DOBLE-CAMPANA-150x150.jpg\" class=\"attachment-thumbnail size-thumbnail\" alt=\"\" loading=\"lazy\" aria-describedby=\"gallery-2-1490\" srcset=\"https:\/\/www.ortopediaortobalsa.com\/ortobalsa\/wp-content\/uploads\/2017\/03\/FONENDOSCOPIO-DOBLE-CAMPANA-150x150.jpg 150w, https:\/\/www.ortopediaortobalsa.com\/ortobalsa\/wp-content\/uploads\/2017\/03\/FONENDOSCOPIO-DOBLE-CAMPANA-300x300.jpg 300w, https:\/\/www.ortopediaortobalsa.com\/ortobalsa\/wp-content\/uploads\/2017\/03\/FONENDOSCOPIO-DOBLE-CAMPANA.jpg 458w\" sizes=\"(max-width: 150px) 100vw, 150px\" \/><\/a>\n\t\t\t<\/dt>\n\t\t\t\t<dd class='wp-caption-text gallery-caption' id='gallery-2-1490'>\n\t\t\t\tVarios\n\t\t\t\t<\/dd><\/dl><dl class='gallery-item'>\n\t\t\t<dt class='gallery-icon landscape'>\n\t\t\t\t<a href=\"https:\/\/www.ortopediaortobalsa.com\/ortobalsa\/deporte_catalogo\" class=\"no-lightbox\"><img width=\"150\" height=\"150\" src=\"https:\/\/www.ortopediaortobalsa.com\/ortobalsa\/wp-content\/uploads\/2014\/01\/Rendimiento_deportivo1-150x150.jpg\" class=\"attachment-thumbnail size-thumbnail\" alt=\"\" loading=\"lazy\" aria-describedby=\"gallery-2-620\" \/><\/a>\n\t\t\t<\/dt>\n\t\t\t\t<dd class='wp-caption-text gallery-caption' id='gallery-2-620'>\n\t\t\t\tRendimiento deportivo\n\t\t\t\t<\/dd><\/dl><dl class='gallery-item'>\n\t\t\t<dt class='gallery-icon landscape'>\n\t\t\t\t<a href=\"plantillas_pie_zapatos_ortopedicos_catalogo\" class=\"no-lightbox\"><img width=\"150\" height=\"150\" src=\"https:\/\/www.ortopediaortobalsa.com\/ortobalsa\/wp-content\/uploads\/2014\/01\/Zapatos_plantillas_separadores-150x150.jpg\" class=\"attachment-thumbnail size-thumbnail\" alt=\"\" loading=\"lazy\" aria-describedby=\"gallery-2-796\" srcset=\"https:\/\/www.ortopediaortobalsa.com\/ortobalsa\/wp-content\/uploads\/2014\/01\/Zapatos_plantillas_separadores-150x150.jpg 150w, https:\/\/www.ortopediaortobalsa.com\/ortobalsa\/wp-content\/uploads\/2014\/01\/Zapatos_plantillas_separadores.jpg 155w\" sizes=\"(max-width: 150px) 100vw, 150px\" \/><\/a>\n\t\t\t<\/dt>\n\t\t\t\t<dd class='wp-caption-text gallery-caption' id='gallery-2-796'>\n\t\t\t\tCuidados para el pie\n\t\t\t\t<\/dd><\/dl><br style=\"clear: both\" \/><dl class='gallery-item'>\n\t\t\t<dt class='gallery-icon portrait'>\n\t\t\t\t<a href=\"https:\/\/www.ortopediaortobalsa.com\/ortobalsa\/premama_ninos_catalogo\" class=\"no-lightbox\"><img width=\"150\" height=\"150\" src=\"https:\/\/www.ortopediaortobalsa.com\/ortobalsa\/wp-content\/uploads\/2014\/01\/Premam\u00e1_ninos_ortopedia-150x150.png\" class=\"attachment-thumbnail size-thumbnail\" alt=\"\" loading=\"lazy\" aria-describedby=\"gallery-2-637\" \/><\/a>\n\t\t\t<\/dt>\n\t\t\t\t<dd class='wp-caption-text gallery-caption' id='gallery-2-637'>\n\t\t\t\tPremam\u00e1, beb\u00e9s y ni\u00f1os\n\t\t\t\t<\/dd><\/dl><dl class='gallery-item'>\n\t\t\t<dt class='gallery-icon landscape'>\n\t\t\t\t<a href=\"https:\/\/www.ortopediaortobalsa.com\/ortobalsa\/antiescaras-catalogo\" class=\"no-lightbox\"><img width=\"150\" height=\"150\" src=\"https:\/\/www.ortopediaortobalsa.com\/ortobalsa\/wp-content\/uploads\/2014\/01\/Antiescaras-150x150.jpg\" class=\"attachment-thumbnail size-thumbnail\" alt=\"\" loading=\"lazy\" aria-describedby=\"gallery-2-908\" srcset=\"https:\/\/www.ortopediaortobalsa.com\/ortobalsa\/wp-content\/uploads\/2014\/01\/Antiescaras-150x150.jpg 150w, https:\/\/www.ortopediaortobalsa.com\/ortobalsa\/wp-content\/uploads\/2014\/01\/Antiescaras.jpg 155w\" sizes=\"(max-width: 150px) 100vw, 150px\" \/><\/a>\n\t\t\t<\/dt>\n\t\t\t\t<dd class='wp-caption-text gallery-caption' id='gallery-2-908'>\n\t\t\t\tAntiescaras\n\t\t\t\t<\/dd><\/dl><dl class='gallery-item'>\n\t\t\t<dt class='gallery-icon landscape'>\n\t\t\t\t<a href=\"https:\/\/www.ortopediaortobalsa.com\/ortobalsa\/descanso-catalogo\" class=\"no-lightbox\"><img width=\"150\" height=\"150\" src=\"https:\/\/www.ortopediaortobalsa.com\/ortobalsa\/wp-content\/uploads\/2014\/01\/Descanso-150x150.jpg\" class=\"attachment-thumbnail size-thumbnail\" alt=\"\" loading=\"lazy\" aria-describedby=\"gallery-2-909\" srcset=\"https:\/\/www.ortopediaortobalsa.com\/ortobalsa\/wp-content\/uploads\/2014\/01\/Descanso-150x150.jpg 150w, https:\/\/www.ortopediaortobalsa.com\/ortobalsa\/wp-content\/uploads\/2014\/01\/Descanso.jpg 155w\" sizes=\"(max-width: 150px) 100vw, 150px\" \/><\/a>\n\t\t\t<\/dt>\n\t\t\t\t<dd class='wp-caption-text gallery-caption' id='gallery-2-909'>\n\t\t\t\tDescanso y mobiliario\n\t\t\t\t<\/dd><\/dl><br style=\"clear: both\" \/>\n\t\t<\/div>\n\n","protected":false},"excerpt":{"rendered":"<p>\u00a0Nuestros productos de ortopedia, con \u00a0soluciones a medida A continuaci\u00f3n encontrar\u00e1s distribuida en distintas \u00e1reas tem\u00e1ticas una selecci\u00f3n importante de nuestro cat\u00e1logo de productos. Para m\u00e1s informaci\u00f3n, no dudes en llamarnos al tel\u00e9fono 91 647 47 31, o pasarte por nuestra ortopedia. Estaremos encantados de atenderte.<\/p>\n","protected":false},"author":3,"featured_media":0,"parent":0,"menu_order":0,"comment_status":"closed","ping_status":"closed","template":"","meta":[],"_links":{"self":[{"href":"https:\/\/www.ortopediaortobalsa.com\/ortobalsa\/wp-json\/wp\/v2\/pages\/562"}],"collection":[{"href":"https:\/\/www.ortopediaortobalsa.com\/ortobalsa\/wp-json\/wp\/v2\/pages"}],"about":[{"href":"https:\/\/www.ortopediaortobalsa.com\/ortobalsa\/wp-json\/wp\/v2\/types\/page"}],"author":[{"embeddable":true,"href":"https:\/\/www.ortopediaortobalsa.com\/ortobalsa\/wp-json\/wp\/v2\/users\/3"}],"replies":[{"embeddable":true,"href":"https:\/\/www.ortopediaortobalsa.com\/ortobalsa\/wp-json\/wp\/v2\/comments?post=562"}],"version-history":[{"count":41,"href":"https:\/\/www.ortopediaortobalsa.com\/ortobalsa\/wp-json\/wp\/v2\/pages\/562\/revisions"}],"predecessor-version":[{"id":1494,"href":"https:\/\/www.ortopediaortobalsa.com\/ortobalsa\/wp-json\/wp\/v2\/pages\/562\/revisions\/1494"}],"wp:attachment":[{"href":"https:\/\/www.ortopediaortobalsa.com\/ortobalsa\/wp-json\/wp\/v2\/media?parent=562"}],"curies":[{"name":"wp","href":"https:\/\/api.w.org\/{rel}","templated":true}]}}