{"id":595,"date":"2014-01-15T22:12:56","date_gmt":"2014-01-15T20:12:56","guid":{"rendered":"https:\/\/www.ortopediaortobalsa.com\/ortobalsa\/politica-de-cookies\/"},"modified":"2014-01-15T22:39:15","modified_gmt":"2014-01-15T20:39:15","slug":"politica-de-cookies","status":"publish","type":"page","link":"https:\/\/www.ortopediaortobalsa.com\/ortobalsa\/politica-de-cookies\/","title":{"rendered":"Pol\u00edtica de cookies"},"content":{"rendered":"<p>&nbsp;<\/p>\n<p><a title=\"Ortopedia Ortobalsa \" href=\"https:\/\/www.ortopediaortobalsa.com\/ortobalsa\">www.ortopediaortobalsa.com<\/a>, como la mayor\u00eda de p\u00e1ginas web, usa cookies para mejorar y optimizar la experiencia de los usuarios en su navegaci\u00f3n a trav\u00e9s de nuestra p\u00e1gina web. De forma que la navegaci\u00f3n por el website supone la aceptaci\u00f3n de esta pol\u00edtica de cookies.<\/p>\n<p>Las cookies son archivos que se instalan en el navegador del usuario cuando visita una p\u00e1gina web. Su finalidad es almacenar informaci\u00f3n de las visitas con los siguientes objetivos principales:<\/p>\n<ul>\n<ul>\n<li>Garantizar el correcto funcionamiento de la p\u00e1gina web.<\/li>\n<li>Almacenar preferencias como el idioma, tama\u00f1o de letra, resoluci\u00f3n del dispositivo, etc.<\/li>\n<li>Conocer la experiencia del navegaci\u00f3n del usuario<\/li>\n<li>Recopilar informaci\u00f3n estad\u00edstica de forma an\u00f3nima, como las p\u00e1ginas visitadas, el tiempo empleado en ellas, entre otros par\u00e1metros.<\/li>\n<\/ul>\n<\/ul>\n<p>&nbsp;<\/p>\n<p>Su objetivo final es conseguir la mejor experiencia cada vez que un usuario visita una p\u00e1gina web. \u00a1En este caso la nuestra, <a title=\"Ortopedia Ortobalsa\" href=\"https:\/\/www.ortopediaortobalsa.com\/ortobalsa\">Ortobalsa<\/a>!<\/p>\n<p>Las cookies se asocian a un usuario an\u00f3nimo y al navegador que usa, y no proporcionan informaci\u00f3n que permita revelar datos de \u00edndole personal. Desde su navegador (Chrome, Safari, Firefox\u2026) un usuario puede acceder al men\u00fa de Configuraci\u00f3n para modificar e incluso cancelar la instalaci\u00f3n de cookies, sin que ello le impida el acceso a los contenidos. Aunque no obstante, en este caso, la calidad de funcionamiento de la p\u00e1gina web que est\u00e9 visitando podr\u00eda verse afectada.<\/p>\n<p>En caso de que un usuario prefiera impedir que su navegador almacene cookies, deber\u00e1 consultar las especificaciones t\u00e9cnicas de la versi\u00f3n que tenga instalada y decidir el modo de gesti\u00f3n de las cookies, pudiendo elegir entre varias opciones (con variaciones seg\u00fan el navegador): que se acepten siempre, que se pregunte antes de instalar cada cookie, o rechazarlas de forma permanente.<\/p>\n<p>&nbsp;<\/p>\n<p>Para m\u00e1s informaci\u00f3n sobre el tema de las cookies, recomendamos visitar www.aboutcookies.org, o consultar el siguiente documento: \u00a0<a href=\"http:\/\/www.agpd.es\/portalwebAGPD\/canaldocumentacion\/publicaciones\/common\/Guias\/Guia_Cookies.pdf\" target=\"_blank\">http:\/\/www.agpd.es\/portalwebAGPD\/canaldocumentacion\/publicaciones\/common\/Guias\/Guia_Cookies.pdf<\/a><\/p>\n","protected":false},"excerpt":{"rendered":"<p>&nbsp; www.ortopediaortobalsa.com, como la mayor\u00eda de p\u00e1ginas web, usa cookies para mejorar y optimizar la experiencia de los usuarios en su navegaci\u00f3n a trav\u00e9s de nuestra p\u00e1gina web. De forma que la navegaci\u00f3n por el website supone la aceptaci\u00f3n de esta pol\u00edtica de cookies. Las cookies son archivos que se&#8230;<\/p>\n","protected":false},"author":3,"featured_media":0,"parent":0,"menu_order":0,"comment_status":"closed","ping_status":"closed","template":"","meta":[],"_links":{"self":[{"href":"https:\/\/www.ortopediaortobalsa.com\/ortobalsa\/wp-json\/wp\/v2\/pages\/595"}],"collection":[{"href":"https:\/\/www.ortopediaortobalsa.com\/ortobalsa\/wp-json\/wp\/v2\/pages"}],"about":[{"href":"https:\/\/www.ortopediaortobalsa.com\/ortobalsa\/wp-json\/wp\/v2\/types\/page"}],"author":[{"embeddable":true,"href":"https:\/\/www.ortopediaortobalsa.com\/ortobalsa\/wp-json\/wp\/v2\/users\/3"}],"replies":[{"embeddable":true,"href":"https:\/\/www.ortopediaortobalsa.com\/ortobalsa\/wp-json\/wp\/v2\/comments?post=595"}],"version-history":[{"count":6,"href":"https:\/\/www.ortopediaortobalsa.com\/ortobalsa\/wp-json\/wp\/v2\/pages\/595\/revisions"}],"predecessor-version":[{"id":601,"href":"https:\/\/www.ortopediaortobalsa.com\/ortobalsa\/wp-json\/wp\/v2\/pages\/595\/revisions\/601"}],"wp:attachment":[{"href":"https:\/\/www.ortopediaortobalsa.com\/ortobalsa\/wp-json\/wp\/v2\/media?parent=595"}],"curies":[{"name":"wp","href":"https:\/\/api.w.org\/{rel}","templated":true}]}}