{"id":6,"date":"2013-01-17T17:24:08","date_gmt":"2013-01-17T16:24:08","guid":{"rendered":"https:\/\/www.ortopediaortobalsa.com\/ortobalsa\/?page_id=6"},"modified":"2014-01-16T23:20:42","modified_gmt":"2014-01-16T21:20:42","slug":"contacto","status":"publish","type":"page","link":"https:\/\/www.ortopediaortobalsa.com\/ortobalsa\/contacto\/","title":{"rendered":"Contacto"},"content":{"rendered":"<h1><\/h1>\n<h1><a title=\"Mapa localizaci\u00f3n Ortopedia M\u00f3stoles Ortobalsa\" href=\"http:\/\/maps.google.es\/maps?sugexp=chrome,mod%3D5&amp;um=1&amp;ie=UTF-8&amp;q=google+maps+ortopedia+ortobalsa&amp;fb=1&amp;gl=es&amp;hq=ortopedia+ortobalsa&amp;hnear=0xd422997800a3c81:0xc436dec1618c2269,Madrid&amp;cid=0,0,10273019434976325664&amp;sa=X&amp;ei=5YxRUfytDoiN7AbNrYGgCA&amp;ved=0CJYBEPwSMAo\" target=\"_blank\"><img loading=\"lazy\" class=\"alignleft size-full wp-image-371\" alt=\"Mapa Ubicaci\u00f3n Ortopedia M\u00f3stoles Ortobalsa\" src=\"https:\/\/www.ortopediaortobalsa.com\/ortobalsa\/wp-content\/uploads\/2013\/01\/Mapa-Ubicaci\u00f3n-Ortopedia-Ortobalsa.png\" width=\"280\" height=\"280\" srcset=\"https:\/\/www.ortopediaortobalsa.com\/ortobalsa\/wp-content\/uploads\/2013\/01\/Mapa-Ubicaci\u00f3n-Ortopedia-Ortobalsa.png 280w, https:\/\/www.ortopediaortobalsa.com\/ortobalsa\/wp-content\/uploads\/2013\/01\/Mapa-Ubicaci\u00f3n-Ortopedia-Ortobalsa-150x150.png 150w\" sizes=\"(max-width: 280px) 100vw, 280px\" \/><\/a>Visita Ortobalsa en la Ortopedia de M\u00f3stoles<\/h1>\n<h4 style=\"text-align: left;\">\u00a0 \u00a0 \u00a0 \u00a0 \u00a0 \u00a0 \u00a0 \u00a0Calle R\u00edo Duero 17, 28935 M\u00f3stoles<\/h4>\n<h4 style=\"text-align: left;\">\u00a0 \u00a0 \u00a0 \u00a0 \u00a0(junto al Hospital Universitario de M\u00f3stoles)<\/h4>\n<h4 style=\"text-align: left;\">\u00a0 \u00a0 \u00a0 \u00a0 \u00a0 \u00a0 \u00a0 Horario: L-V: 9,30-14,00h y 16,30-20,00h<\/h4>\n<h3 style=\"text-align: left;\">\u00a0 \u00a0 \u00a0 \u00a0 \u00a0 \u00a0 \u00a0 \u00a0 \u00a0 \u00a0 \u00a0 \u00a0 \u00a0 Tel\u00e9fono: 91 647 47 31<span style=\"text-align: center;\">\u00a0<\/span><\/h3>\n<p style=\"text-align: left;\">\u00a0 \u00a0 \u00a0 \u00a0 \u00a0 \u00a0 \u00a0 \u00a0 \u00a0 \u00a0 \u00a0 \u00a0 \u00a0 \u00a0 \u00a0 \u00a0 \u00a0 \u00a0 \u00a0 \u00a0\u00a0<img loading=\"lazy\" class=\"size-full wp-image-298 alignnone\" alt=\"\" src=\"https:\/\/www.ortopediaortobalsa.com\/ortobalsa\/wp-content\/uploads\/2013\/01\/Email-peque\u00f1o.png\" width=\"25\" height=\"25\" \/><em>\u00a0<span style=\"color: #f15a23;\">info@ortopediaortobalsa.com<\/span><\/em><em><\/em><\/p>\n<p>&nbsp;<\/p>\n<p style=\"text-align: left;\">Puedes contactar con nosotros, completando el formulario que aparece a continuaci\u00f3n, y haciendo click en &#8220;Enviar&#8221;:<\/p>\n<div role=\"form\" class=\"wpcf7\" id=\"wpcf7-f456-o1\" dir=\"ltr\">\n<div class=\"screen-reader-response\"><p role=\"status\" aria-live=\"polite\" aria-atomic=\"true\"><\/p> <ul><\/ul><\/div>\n<form action=\"\/ortobalsa\/wp-json\/wp\/v2\/pages\/6#wpcf7-f456-o1\" method=\"post\" class=\"wpcf7-form init\" novalidate=\"novalidate\" data-status=\"init\">\n<div style=\"display: none;\">\n<input type=\"hidden\" name=\"_wpcf7\" value=\"456\" \/>\n<input type=\"hidden\" name=\"_wpcf7_version\" value=\"5.3.2\" \/>\n<input type=\"hidden\" name=\"_wpcf7_locale\" value=\"\" \/>\n<input type=\"hidden\" name=\"_wpcf7_unit_tag\" value=\"wpcf7-f456-o1\" \/>\n<input type=\"hidden\" name=\"_wpcf7_container_post\" value=\"0\" \/>\n<input type=\"hidden\" name=\"_wpcf7_posted_data_hash\" value=\"\" \/>\n<\/div>\n<p>Tu nombre (requerido)<br \/>\n    <span class=\"wpcf7-form-control-wrap your-name\"><input type=\"text\" name=\"your-name\" value=\"\" size=\"40\" class=\"wpcf7-form-control wpcf7-text wpcf7-validates-as-required\" aria-required=\"true\" aria-invalid=\"false\" \/><\/span> <\/p>\n<p>Tu Email (requerido)<br \/>\n    <span class=\"wpcf7-form-control-wrap your-email\"><input type=\"email\" name=\"your-email\" value=\"\" size=\"40\" class=\"wpcf7-form-control wpcf7-text wpcf7-email wpcf7-validates-as-required wpcf7-validates-as-email\" aria-required=\"true\" aria-invalid=\"false\" \/><\/span> <\/p>\n<p>Asunto<br \/>\n    <span class=\"wpcf7-form-control-wrap your-subject\"><input type=\"text\" name=\"your-subject\" value=\"\" size=\"40\" class=\"wpcf7-form-control wpcf7-text\" aria-invalid=\"false\" \/><\/span> <\/p>\n<p>Tu Mensaje<br \/>\n    <span class=\"wpcf7-form-control-wrap your-message\"><textarea name=\"your-message\" cols=\"40\" rows=\"10\" class=\"wpcf7-form-control wpcf7-textarea\" aria-invalid=\"false\"><\/textarea><\/span> <\/p>\n<p><span class=\"wpcf7-form-control-wrap acceptance-333\"><span class=\"wpcf7-form-control wpcf7-acceptance\"><span class=\"wpcf7-list-item\"><input type=\"checkbox\" name=\"acceptance-333\" value=\"1\" aria-invalid=\"false\" checked=\"checked\" id=\"Aceptacincondiciones\" \/><\/span><\/span><\/span>Acepto los t\u00e9rminos y condiciones (*) sobre el tratamiento de los datos enviados.\n<\/p>\n<p><input type=\"submit\" value=\"Enviar\" class=\"wpcf7-form-control wpcf7-submit\" \/><\/p>\n<div class=\"wpcf7-response-output\" aria-hidden=\"true\"><\/div><\/form><\/div>\n<p><span style=\"color: #999999; size: -2;\"><strong>(*) Condiciones legales<\/strong><\/span><\/p>\n<p><span style=\"color: #999999; size: -2;\">De conformidad con lo establecido en la Ley 15\/1999 de 13 de diciembre y con el R. D. 1720\/2007 de 21 de diciembre, sobre Protecci\u00f3n de Datos de Car\u00e1cter Personal, le informamos que todos los datos facilitados por usted ser\u00e1n incorporados a un fichero propiedad de\u00a0<strong>Ortopedia Ortobalsa<\/strong>, con la finalidad de gestionar la informaci\u00f3n, responder a sus consultas y con fines estad\u00edsticos. Podr\u00e1 ejercer sus derechos de acceso, rectificaci\u00f3n, cancelaci\u00f3n y oposici\u00f3n al tratamiento de sus datos personales, en los t\u00e9rminos y condiciones previstos por la Ley, dirigi\u00e9ndose a <span style=\"color: #3366ff;\"><a title=\"Ortopedia Ortobalsa\" href=\"https:\/\/www.ortopediaortobalsa.com\/ortobalsa\/contacto\/\"><span style=\"color: #3366ff;\">Ortopedia Ortobalsa<\/span><\/a><\/span>, indicando en el sobre la referencia &#8220;Datos Personales&#8221;.<\/span><\/p>\n","protected":false},"excerpt":{"rendered":"<p>Visita Ortobalsa en la Ortopedia de M\u00f3stoles \u00a0 \u00a0 \u00a0 \u00a0 \u00a0 \u00a0 \u00a0 \u00a0Calle R\u00edo Duero 17, 28935 M\u00f3stoles \u00a0 \u00a0 \u00a0 \u00a0 \u00a0(junto al Hospital Universitario de M\u00f3stoles) \u00a0 \u00a0 \u00a0 \u00a0 \u00a0 \u00a0 \u00a0 Horario: L-V: 9,30-14,00h y 16,30-20,00h \u00a0 \u00a0 \u00a0 \u00a0 \u00a0 \u00a0 \u00a0 \u00a0&#8230;<\/p>\n","protected":false},"author":3,"featured_media":0,"parent":0,"menu_order":3,"comment_status":"closed","ping_status":"closed","template":"template-fullwidth.php","meta":[],"_links":{"self":[{"href":"https:\/\/www.ortopediaortobalsa.com\/ortobalsa\/wp-json\/wp\/v2\/pages\/6"}],"collection":[{"href":"https:\/\/www.ortopediaortobalsa.com\/ortobalsa\/wp-json\/wp\/v2\/pages"}],"about":[{"href":"https:\/\/www.ortopediaortobalsa.com\/ortobalsa\/wp-json\/wp\/v2\/types\/page"}],"author":[{"embeddable":true,"href":"https:\/\/www.ortopediaortobalsa.com\/ortobalsa\/wp-json\/wp\/v2\/users\/3"}],"replies":[{"embeddable":true,"href":"https:\/\/www.ortopediaortobalsa.com\/ortobalsa\/wp-json\/wp\/v2\/comments?post=6"}],"version-history":[{"count":84,"href":"https:\/\/www.ortopediaortobalsa.com\/ortobalsa\/wp-json\/wp\/v2\/pages\/6\/revisions"}],"predecessor-version":[{"id":731,"href":"https:\/\/www.ortopediaortobalsa.com\/ortobalsa\/wp-json\/wp\/v2\/pages\/6\/revisions\/731"}],"wp:attachment":[{"href":"https:\/\/www.ortopediaortobalsa.com\/ortobalsa\/wp-json\/wp\/v2\/media?parent=6"}],"curies":[{"name":"wp","href":"https:\/\/api.w.org\/{rel}","templated":true}]}}