{"id":650,"date":"2014-01-16T18:07:04","date_gmt":"2014-01-16T16:07:04","guid":{"rendered":"https:\/\/www.ortopediaortobalsa.com\/ortobalsa\/?page_id=650"},"modified":"2017-03-27T21:59:03","modified_gmt":"2017-03-27T19:59:03","slug":"vida_diaria_catalogo","status":"publish","type":"page","link":"https:\/\/www.ortopediaortobalsa.com\/ortobalsa\/vida_diaria_catalogo\/","title":{"rendered":"Ayudas en la vida diaria"},"content":{"rendered":"<p>Te hallas en el \u00e1rea donde podr\u00e1s encontrar m\u00faltiples productos te ayudar\u00e1n a hacer tu d\u00eda a d\u00eda m\u00e1s c\u00f3modo y seguro. Haz click en la foto de cada apartado para acceder a las distintas propuestas de esta selecci\u00f3n de nuestro cat\u00e1logo.<\/p>\n<p>&nbsp;<\/p>\n\n\t\t<style type=\"text\/css\">\n\t\t\t#gallery-2 {\n\t\t\t\tmargin: auto;\n\t\t\t}\n\t\t\t#gallery-2 .gallery-item {\n\t\t\t\tfloat: left;\n\t\t\t\tmargin-top: 10px;\n\t\t\t\ttext-align: center;\n\t\t\t\twidth: 33%;\n\t\t\t}\n\t\t\t#gallery-2 img {\n\t\t\t\tborder: 2px solid #cfcfcf;\n\t\t\t}\n\t\t\t#gallery-2 .gallery-caption {\n\t\t\t\tmargin-left: 0;\n\t\t\t}\n\t\t\t\/* see gallery_shortcode() in wp-includes\/media.php *\/\n\t\t<\/style>\n\t\t<div id='gallery-2' class='gallery galleryid-650 gallery-columns-3 gallery-size-thumbnail'><dl class='gallery-item'>\n\t\t\t<dt class='gallery-icon landscape'>\n\t\t\t\t<a href='https:\/\/www.ortopediaortobalsa.com\/ortobalsa\/vida_diaria_catalogo\/silla_salvaescalera-2\/'><img width=\"150\" height=\"150\" src=\"https:\/\/www.ortopediaortobalsa.com\/ortobalsa\/wp-content\/uploads\/2014\/01\/Silla_salvaescalera2-150x150.jpg\" class=\"attachment-thumbnail size-thumbnail\" alt=\"\" loading=\"lazy\" aria-describedby=\"gallery-2-658\" \/><\/a>\n\t\t\t<\/dt>\n\t\t\t\t<dd class='wp-caption-text gallery-caption' id='gallery-2-658'>\n\t\t\t\tEliminaci\u00f3n de barreras\n\t\t\t\t<\/dd><\/dl><dl class='gallery-item'>\n\t\t\t<dt class='gallery-icon landscape'>\n\t\t\t\t<a href=\" https:\/\/www.ortopediaortobalsa.com\/ortobalsa\/soluciones-para-bano\/\" class=\"no-lightbox\"><img width=\"150\" height=\"150\" src=\"https:\/\/www.ortopediaortobalsa.com\/ortobalsa\/wp-content\/uploads\/2014\/01\/Asiento_ba\u00f1era-150x150.jpg\" class=\"attachment-thumbnail size-thumbnail\" alt=\"asientos ducha, asideros, tablas ba\u00f1era\" loading=\"lazy\" aria-describedby=\"gallery-2-651\" \/><\/a>\n\t\t\t<\/dt>\n\t\t\t\t<dd class='wp-caption-text gallery-caption' id='gallery-2-651'>\n\t\t\t\tSoluciones ba\u00f1o\n\t\t\t\t<\/dd><\/dl><dl class='gallery-item'>\n\t\t\t<dt class='gallery-icon landscape'>\n\t\t\t\t<a href=\" https:\/\/www.ortopediaortobalsa.com\/ortobalsa\/productos-para-el-hogar\/\" class=\"no-lightbox\"><img width=\"150\" height=\"150\" src=\"https:\/\/www.ortopediaortobalsa.com\/ortobalsa\/wp-content\/uploads\/2014\/01\/Manta_el\u00e9ctrica-150x150.jpg\" class=\"attachment-thumbnail size-thumbnail\" alt=\"\" loading=\"lazy\" aria-describedby=\"gallery-2-652\" \/><\/a>\n\t\t\t<\/dt>\n\t\t\t\t<dd class='wp-caption-text gallery-caption' id='gallery-2-652'>\n\t\t\t\tProductos para el hogar\n\t\t\t\t<\/dd><\/dl><br style=\"clear: both\" \/>\n\t\t<\/div>\n\n<p style=\"text-align: center;\"><span style=\"text-decoration: underline;\"><span style=\"color: #0000ff; text-decoration: underline;\">\u00a0<a title=\"Cat\u00e1logo de productos Ortopedia Ortobalsa\" href=\"https:\/\/www.ortopediaortobalsa.com\/ortobalsa\/catalogo_ortopedia\/\"><span style=\"color: #0000ff; text-decoration: underline;\">Volver al cat\u00e1logo de productos<\/span><\/a><\/span><\/span><\/p>\n","protected":false},"excerpt":{"rendered":"<p>Te hallas en el \u00e1rea donde podr\u00e1s encontrar m\u00faltiples productos te ayudar\u00e1n a hacer tu d\u00eda a d\u00eda m\u00e1s c\u00f3modo y seguro. Haz click en la foto de cada apartado para acceder a las distintas propuestas de esta selecci\u00f3n de nuestro cat\u00e1logo. &nbsp; \u00a0Volver al cat\u00e1logo de productos<\/p>\n","protected":false},"author":3,"featured_media":0,"parent":0,"menu_order":0,"comment_status":"closed","ping_status":"closed","template":"","meta":[],"_links":{"self":[{"href":"https:\/\/www.ortopediaortobalsa.com\/ortobalsa\/wp-json\/wp\/v2\/pages\/650"}],"collection":[{"href":"https:\/\/www.ortopediaortobalsa.com\/ortobalsa\/wp-json\/wp\/v2\/pages"}],"about":[{"href":"https:\/\/www.ortopediaortobalsa.com\/ortobalsa\/wp-json\/wp\/v2\/types\/page"}],"author":[{"embeddable":true,"href":"https:\/\/www.ortopediaortobalsa.com\/ortobalsa\/wp-json\/wp\/v2\/users\/3"}],"replies":[{"embeddable":true,"href":"https:\/\/www.ortopediaortobalsa.com\/ortobalsa\/wp-json\/wp\/v2\/comments?post=650"}],"version-history":[{"count":13,"href":"https:\/\/www.ortopediaortobalsa.com\/ortobalsa\/wp-json\/wp\/v2\/pages\/650\/revisions"}],"predecessor-version":[{"id":1578,"href":"https:\/\/www.ortopediaortobalsa.com\/ortobalsa\/wp-json\/wp\/v2\/pages\/650\/revisions\/1578"}],"wp:attachment":[{"href":"https:\/\/www.ortopediaortobalsa.com\/ortobalsa\/wp-json\/wp\/v2\/media?parent=650"}],"curies":[{"name":"wp","href":"https:\/\/api.w.org\/{rel}","templated":true}]}}