{"id":674,"date":"2014-01-16T20:24:30","date_gmt":"2014-01-16T18:24:30","guid":{"rendered":"https:\/\/www.ortopediaortobalsa.com\/ortobalsa\/?page_id=674"},"modified":"2017-05-09T22:11:35","modified_gmt":"2017-05-09T20:11:35","slug":"presoterapia_catalogo","status":"publish","type":"page","link":"https:\/\/www.ortopediaortobalsa.com\/ortobalsa\/presoterapia_catalogo\/","title":{"rendered":"Presoterapia"},"content":{"rendered":"<p>Las medias de compresi\u00f3n y descanso se han convertido en una prenda imprescindible para gozar de una buena salud y prevenir futuros problemas de circulaci\u00f3n, tanto en hombres como en mujeres. En este \u00e1rea encontrar\u00e1s diferentes modelos totalmente adaptables, c\u00f3modos y con distintos dise\u00f1os. Adem\u00e1s, ofrecemos una selecci\u00f3n de nuestro cat\u00e1logo de productos para pacientes con quemaduras, linfodemas o que se han sometido a alguna operaci\u00f3n de cirug\u00eda est\u00e9tica. Encuentra lo que buscas haciendo <span style=\"text-decoration: underline;\">click<\/span> en las im\u00e1genes de los distintos apartados.<\/p>\n\n\t\t<style type=\"text\/css\">\n\t\t\t#gallery-2 {\n\t\t\t\tmargin: auto;\n\t\t\t}\n\t\t\t#gallery-2 .gallery-item {\n\t\t\t\tfloat: left;\n\t\t\t\tmargin-top: 10px;\n\t\t\t\ttext-align: center;\n\t\t\t\twidth: 33%;\n\t\t\t}\n\t\t\t#gallery-2 img {\n\t\t\t\tborder: 2px solid #cfcfcf;\n\t\t\t}\n\t\t\t#gallery-2 .gallery-caption {\n\t\t\t\tmargin-left: 0;\n\t\t\t}\n\t\t\t\/* see gallery_shortcode() in wp-includes\/media.php *\/\n\t\t<\/style>\n\t\t<div id='gallery-2' class='gallery galleryid-674 gallery-columns-3 gallery-size-thumbnail'><dl class='gallery-item'>\n\t\t\t<dt class='gallery-icon portrait'>\n\t\t\t\t<a href=\" https:\/\/www.ortopediaortobalsa.com\/ortobalsa\/medias-de-compre\u2026n-hombre-y-mujer\/\" class=\"no-lightbox\"><img width=\"150\" height=\"150\" src=\"https:\/\/www.ortopediaortobalsa.com\/ortobalsa\/wp-content\/uploads\/2014\/01\/Medias_descanso-150x150.jpg\" class=\"attachment-thumbnail size-thumbnail\" alt=\"\" loading=\"lazy\" aria-describedby=\"gallery-2-676\" \/><\/a>\n\t\t\t<\/dt>\n\t\t\t\t<dd class='wp-caption-text gallery-caption' id='gallery-2-676'>\n\t\t\t\tMedias de compresi\u00f3n hombre y mujer\n\t\t\t\t<\/dd><\/dl><dl class='gallery-item'>\n\t\t\t<dt class='gallery-icon landscape'>\n\t\t\t\t<a href='https:\/\/www.ortopediaortobalsa.com\/ortobalsa\/presoterapia_catalogo\/quemados\/'><img width=\"150\" height=\"150\" src=\"https:\/\/www.ortopediaortobalsa.com\/ortobalsa\/wp-content\/uploads\/2014\/01\/Quemados-150x150.jpg\" class=\"attachment-thumbnail size-thumbnail\" alt=\"\" loading=\"lazy\" aria-describedby=\"gallery-2-680\" \/><\/a>\n\t\t\t<\/dt>\n\t\t\t\t<dd class='wp-caption-text gallery-caption' id='gallery-2-680'>\n\t\t\t\tPrendas de presi\u00f3n para quemados\n\t\t\t\t<\/dd><\/dl><dl class='gallery-item'>\n\t\t\t<dt class='gallery-icon landscape'>\n\t\t\t\t<a href=\"https:\/\/www.ortopediaortobalsa.com\/ortobalsa\/?page_id=1482&preview=true\" class=\"no-lightbox\"><img width=\"150\" height=\"150\" src=\"https:\/\/www.ortopediaortobalsa.com\/ortobalsa\/wp-content\/uploads\/2014\/01\/Linfedemas-150x150.jpg\" class=\"attachment-thumbnail size-thumbnail\" alt=\"\" loading=\"lazy\" aria-describedby=\"gallery-2-679\" \/><\/a>\n\t\t\t<\/dt>\n\t\t\t\t<dd class='wp-caption-text gallery-caption' id='gallery-2-679'>\n\t\t\t\tLinfedemas\n\t\t\t\t<\/dd><\/dl><br style=\"clear: both\" \/>\n\t\t<\/div>\n\n<p>&nbsp;<\/p>\n<p style=\"text-align: center;\"><span style=\"color: #0000ff;\">\u00a0<\/span><span style=\"text-decoration: underline; color: #0000ff;\"><a title=\"Cat\u00e1logo de productos Ortopedia Ortobalsa\" href=\"https:\/\/www.ortopediaortobalsa.com\/ortobalsa\/catalogo_ortopedia\/\"><span style=\"color: #0000ff; text-decoration: underline;\">Volver al cat\u00e1logo de productos<\/span><\/a><\/span><\/p>\n","protected":false},"excerpt":{"rendered":"<p>Las medias de compresi\u00f3n y descanso se han convertido en una prenda imprescindible para gozar de una buena salud y prevenir futuros problemas de circulaci\u00f3n, tanto en hombres como en mujeres. En este \u00e1rea encontrar\u00e1s diferentes modelos totalmente adaptables, c\u00f3modos y con distintos dise\u00f1os. Adem\u00e1s, ofrecemos una selecci\u00f3n de nuestro&#8230;<\/p>\n","protected":false},"author":3,"featured_media":0,"parent":0,"menu_order":0,"comment_status":"open","ping_status":"open","template":"","meta":[],"_links":{"self":[{"href":"https:\/\/www.ortopediaortobalsa.com\/ortobalsa\/wp-json\/wp\/v2\/pages\/674"}],"collection":[{"href":"https:\/\/www.ortopediaortobalsa.com\/ortobalsa\/wp-json\/wp\/v2\/pages"}],"about":[{"href":"https:\/\/www.ortopediaortobalsa.com\/ortobalsa\/wp-json\/wp\/v2\/types\/page"}],"author":[{"embeddable":true,"href":"https:\/\/www.ortopediaortobalsa.com\/ortobalsa\/wp-json\/wp\/v2\/users\/3"}],"replies":[{"embeddable":true,"href":"https:\/\/www.ortopediaortobalsa.com\/ortobalsa\/wp-json\/wp\/v2\/comments?post=674"}],"version-history":[{"count":6,"href":"https:\/\/www.ortopediaortobalsa.com\/ortobalsa\/wp-json\/wp\/v2\/pages\/674\/revisions"}],"predecessor-version":[{"id":1470,"href":"https:\/\/www.ortopediaortobalsa.com\/ortobalsa\/wp-json\/wp\/v2\/pages\/674\/revisions\/1470"}],"wp:attachment":[{"href":"https:\/\/www.ortopediaortobalsa.com\/ortobalsa\/wp-json\/wp\/v2\/media?parent=674"}],"curies":[{"name":"wp","href":"https:\/\/api.w.org\/{rel}","templated":true}]}}