{"id":682,"date":"2014-01-16T21:13:14","date_gmt":"2014-01-16T19:13:14","guid":{"rendered":"https:\/\/www.ortopediaortobalsa.com\/ortobalsa\/?page_id=682"},"modified":"2014-01-22T22:20:22","modified_gmt":"2014-01-22T20:20:22","slug":"plantillas_pie_zapatos_ortopedicos_catalogo","status":"publish","type":"page","link":"https:\/\/www.ortopediaortobalsa.com\/ortobalsa\/plantillas_pie_zapatos_ortopedicos_catalogo\/","title":{"rendered":"Soluciones de ortopedia para el pie"},"content":{"rendered":"<p>Los pies son una de las partes de nuestro cuerpo que m\u00e1s sufren, de ah\u00ed la importancia de darles el tratamiento que precisan antes de que una mala pisada o lesi\u00f3n nos provoque a la larga un problema de salud a\u00fan mayor. Recuerda: unos pies cuidados te llevar\u00e1n adonde quieras ir. Si al caminar notas dolor, no esperes m\u00e1s. Acude a un profesional. En nuestra ortopedia encontrar\u00e1s los especialistas que necesitas . Contamos con una divisi\u00f3n de ortopedia t\u00e9cnica especializada en la elaboraci\u00f3n a medida de plantillas, taloneras, alzas, separadores y otras soluciones para tu pisada.<\/p>\n\n\t\t<style type=\"text\/css\">\n\t\t\t#gallery-2 {\n\t\t\t\tmargin: auto;\n\t\t\t}\n\t\t\t#gallery-2 .gallery-item {\n\t\t\t\tfloat: left;\n\t\t\t\tmargin-top: 10px;\n\t\t\t\ttext-align: center;\n\t\t\t\twidth: 33%;\n\t\t\t}\n\t\t\t#gallery-2 img {\n\t\t\t\tborder: 2px solid #cfcfcf;\n\t\t\t}\n\t\t\t#gallery-2 .gallery-caption {\n\t\t\t\tmargin-left: 0;\n\t\t\t}\n\t\t\t\/* see gallery_shortcode() in wp-includes\/media.php *\/\n\t\t<\/style>\n\t\t<div id='gallery-2' class='gallery galleryid-682 gallery-columns-3 gallery-size-thumbnail'><dl class='gallery-item'>\n\t\t\t<dt class='gallery-icon landscape'>\n\t\t\t\t<a href='https:\/\/www.ortopediaortobalsa.com\/ortobalsa\/plantillas_pie_zapatos_ortopedicos_catalogo\/plantillas_ortopedicas-2\/'><img width=\"150\" height=\"150\" src=\"https:\/\/www.ortopediaortobalsa.com\/ortobalsa\/wp-content\/uploads\/2014\/01\/Plantillas_ortop\u00e9dicas1-150x150.jpg\" class=\"attachment-thumbnail size-thumbnail\" alt=\"\" loading=\"lazy\" aria-describedby=\"gallery-2-688\" \/><\/a>\n\t\t\t<\/dt>\n\t\t\t\t<dd class='wp-caption-text gallery-caption' id='gallery-2-688'>\n\t\t\t\tPlantillas\n\t\t\t\t<\/dd><\/dl><dl class='gallery-item'>\n\t\t\t<dt class='gallery-icon landscape'>\n\t\t\t\t<a href='https:\/\/www.ortopediaortobalsa.com\/ortobalsa\/plantillas_pie_zapatos_ortopedicos_catalogo\/separador_juanetes\/'><img width=\"150\" height=\"150\" src=\"https:\/\/www.ortopediaortobalsa.com\/ortobalsa\/wp-content\/uploads\/2014\/01\/separador_juanetes-150x150.jpg\" class=\"attachment-thumbnail size-thumbnail\" alt=\"\" loading=\"lazy\" aria-describedby=\"gallery-2-684\" srcset=\"https:\/\/www.ortopediaortobalsa.com\/ortobalsa\/wp-content\/uploads\/2014\/01\/separador_juanetes-150x150.jpg 150w, https:\/\/www.ortopediaortobalsa.com\/ortobalsa\/wp-content\/uploads\/2014\/01\/separador_juanetes.jpg 256w\" sizes=\"(max-width: 150px) 100vw, 150px\" \/><\/a>\n\t\t\t<\/dt>\n\t\t\t\t<dd class='wp-caption-text gallery-caption' id='gallery-2-684'>\n\t\t\t\tSeparadores\n\t\t\t\t<\/dd><\/dl><dl class='gallery-item'>\n\t\t\t<dt class='gallery-icon landscape'>\n\t\t\t\t<a href='https:\/\/www.ortopediaortobalsa.com\/ortobalsa\/plantillas_pie_zapatos_ortopedicos_catalogo\/estudio-pisada-2\/'><img width=\"150\" height=\"150\" src=\"https:\/\/www.ortopediaortobalsa.com\/ortobalsa\/wp-content\/uploads\/2014\/01\/estudio-pisada1-150x150.jpg\" class=\"attachment-thumbnail size-thumbnail\" alt=\"\" loading=\"lazy\" aria-describedby=\"gallery-2-794\" \/><\/a>\n\t\t\t<\/dt>\n\t\t\t\t<dd class='wp-caption-text gallery-caption' id='gallery-2-794'>\n\t\t\t\tEstudio de la pisada\n\t\t\t\t<\/dd><\/dl><br style=\"clear: both\" \/><dl class='gallery-item'>\n\t\t\t<dt class='gallery-icon landscape'>\n\t\t\t\t<a href='https:\/\/www.ortopediaortobalsa.com\/ortobalsa\/plantillas_pie_zapatos_ortopedicos_catalogo\/zapatos_ortopedicos_a_medida\/'><img width=\"150\" height=\"150\" src=\"https:\/\/www.ortopediaortobalsa.com\/ortobalsa\/wp-content\/uploads\/2014\/01\/Zapatos_ortopedicos_a_medida-150x150.jpg\" class=\"attachment-thumbnail size-thumbnail\" alt=\"\" loading=\"lazy\" aria-describedby=\"gallery-2-800\" srcset=\"https:\/\/www.ortopediaortobalsa.com\/ortobalsa\/wp-content\/uploads\/2014\/01\/Zapatos_ortopedicos_a_medida-150x150.jpg 150w, https:\/\/www.ortopediaortobalsa.com\/ortobalsa\/wp-content\/uploads\/2014\/01\/Zapatos_ortopedicos_a_medida.jpg 155w\" sizes=\"(max-width: 150px) 100vw, 150px\" \/><\/a>\n\t\t\t<\/dt>\n\t\t\t\t<dd class='wp-caption-text gallery-caption' id='gallery-2-800'>\n\t\t\t\tCalzado a medida\n\t\t\t\t<\/dd><\/dl><dl class='gallery-item'>\n\t\t\t<dt class='gallery-icon landscape'>\n\t\t\t\t<a href='https:\/\/www.ortopediaortobalsa.com\/ortobalsa\/plantillas_pie_zapatos_ortopedicos_catalogo\/taloneras_silicona\/'><img width=\"150\" height=\"150\" src=\"https:\/\/www.ortopediaortobalsa.com\/ortobalsa\/wp-content\/uploads\/2014\/01\/taloneras_silicona-150x150.jpg\" class=\"attachment-thumbnail size-thumbnail\" alt=\"\" loading=\"lazy\" aria-describedby=\"gallery-2-685\" srcset=\"https:\/\/www.ortopediaortobalsa.com\/ortobalsa\/wp-content\/uploads\/2014\/01\/taloneras_silicona-150x150.jpg 150w, https:\/\/www.ortopediaortobalsa.com\/ortobalsa\/wp-content\/uploads\/2014\/01\/taloneras_silicona-300x300.jpg 300w, https:\/\/www.ortopediaortobalsa.com\/ortobalsa\/wp-content\/uploads\/2014\/01\/taloneras_silicona.jpg 600w\" sizes=\"(max-width: 150px) 100vw, 150px\" \/><\/a>\n\t\t\t<\/dt>\n\t\t\t\t<dd class='wp-caption-text gallery-caption' id='gallery-2-685'>\n\t\t\t\tTaloneras y alzas\n\t\t\t\t<\/dd><\/dl>\n\t\t\t<br style='clear: both' \/>\n\t\t<\/div>\n\n<p>&nbsp;<\/p>\n<p style=\"text-align: center;\"><span style=\"color: #0000ff;\">\u00a0<\/span><span style=\"text-decoration: underline;\"><span style=\"color: #0000ff; text-decoration: underline;\"><a title=\"Cat\u00e1logo de productos Ortopedia Ortobalsa\" href=\"https:\/\/www.ortopediaortobalsa.com\/ortobalsa\/catalogo_ortopedia\/\"><span style=\"color: #0000ff; text-decoration: underline;\">Volver al cat\u00e1logo de productos<\/span><\/a><\/span><\/span><\/p>\n","protected":false},"excerpt":{"rendered":"<p>Los pies son una de las partes de nuestro cuerpo que m\u00e1s sufren, de ah\u00ed la importancia de darles el tratamiento que precisan antes de que una mala pisada o lesi\u00f3n nos provoque a la larga un problema de salud a\u00fan mayor. Recuerda: unos pies cuidados te llevar\u00e1n adonde quieras&#8230;<\/p>\n","protected":false},"author":3,"featured_media":0,"parent":0,"menu_order":0,"comment_status":"closed","ping_status":"closed","template":"","meta":[],"_links":{"self":[{"href":"https:\/\/www.ortopediaortobalsa.com\/ortobalsa\/wp-json\/wp\/v2\/pages\/682"}],"collection":[{"href":"https:\/\/www.ortopediaortobalsa.com\/ortobalsa\/wp-json\/wp\/v2\/pages"}],"about":[{"href":"https:\/\/www.ortopediaortobalsa.com\/ortobalsa\/wp-json\/wp\/v2\/types\/page"}],"author":[{"embeddable":true,"href":"https:\/\/www.ortopediaortobalsa.com\/ortobalsa\/wp-json\/wp\/v2\/users\/3"}],"replies":[{"embeddable":true,"href":"https:\/\/www.ortopediaortobalsa.com\/ortobalsa\/wp-json\/wp\/v2\/comments?post=682"}],"version-history":[{"count":7,"href":"https:\/\/www.ortopediaortobalsa.com\/ortobalsa\/wp-json\/wp\/v2\/pages\/682\/revisions"}],"predecessor-version":[{"id":801,"href":"https:\/\/www.ortopediaortobalsa.com\/ortobalsa\/wp-json\/wp\/v2\/pages\/682\/revisions\/801"}],"wp:attachment":[{"href":"https:\/\/www.ortopediaortobalsa.com\/ortobalsa\/wp-json\/wp\/v2\/media?parent=682"}],"curies":[{"name":"wp","href":"https:\/\/api.w.org\/{rel}","templated":true}]}}