{"id":702,"date":"2014-01-16T22:40:14","date_gmt":"2014-01-16T20:40:14","guid":{"rendered":"https:\/\/www.ortopediaortobalsa.com\/ortobalsa\/?page_id=702"},"modified":"2017-03-27T21:17:01","modified_gmt":"2017-03-27T19:17:01","slug":"premama_ninos_catalogo","status":"publish","type":"page","link":"https:\/\/www.ortopediaortobalsa.com\/ortobalsa\/premama_ninos_catalogo\/","title":{"rendered":"Premam\u00e1, beb\u00e9s y ni\u00f1os: ortopedia infantil"},"content":{"rendered":"<p>Nuestros peques, tanto beb\u00e9s como ni\u00f1os, pueden sufrir diferentes lesiones y problemas que tienen soluci\u00f3n con un diagn\u00f3stico precoz y el adecuado tratamiento ortop\u00e9dico: malformaciones cong\u00e9nitas, problemas posturales o lesiones por juegos y ca\u00eddas. En Ortopedia Ortobalsa estaremos encantados de atender a tu hijo, dedic\u00e1ndole la atenci\u00f3n que necesita y ofreci\u00e9ndole las mejores soluciones personalizadas para su problema. Adem\u00e1s, contamos con un \u00e1rea especial de productos para embarazadas, que previenen problemas posteriores \u00a0y contribuyen a llevar un embarazo m\u00e1s confortable.<\/p>\n\n\t\t<style type=\"text\/css\">\n\t\t\t#gallery-2 {\n\t\t\t\tmargin: auto;\n\t\t\t}\n\t\t\t#gallery-2 .gallery-item {\n\t\t\t\tfloat: left;\n\t\t\t\tmargin-top: 10px;\n\t\t\t\ttext-align: center;\n\t\t\t\twidth: 33%;\n\t\t\t}\n\t\t\t#gallery-2 img {\n\t\t\t\tborder: 2px solid #cfcfcf;\n\t\t\t}\n\t\t\t#gallery-2 .gallery-caption {\n\t\t\t\tmargin-left: 0;\n\t\t\t}\n\t\t\t\/* see gallery_shortcode() in wp-includes\/media.php *\/\n\t\t<\/style>\n\t\t<div id='gallery-2' class='gallery galleryid-702 gallery-columns-3 gallery-size-thumbnail'><dl class='gallery-item'>\n\t\t\t<dt class='gallery-icon landscape'>\n\t\t\t\t<a href='https:\/\/www.ortopediaortobalsa.com\/ortobalsa\/faja-embarazada\/'><img width=\"150\" height=\"150\" src=\"https:\/\/www.ortopediaortobalsa.com\/ortobalsa\/wp-content\/uploads\/2017\/03\/Faja-embarazada-150x150.jpg\" class=\"attachment-thumbnail size-thumbnail\" alt=\"\" loading=\"lazy\" aria-describedby=\"gallery-2-1539\" srcset=\"https:\/\/www.ortopediaortobalsa.com\/ortobalsa\/wp-content\/uploads\/2017\/03\/Faja-embarazada-150x150.jpg 150w, https:\/\/www.ortopediaortobalsa.com\/ortobalsa\/wp-content\/uploads\/2017\/03\/Faja-embarazada-300x300.jpg 300w, https:\/\/www.ortopediaortobalsa.com\/ortobalsa\/wp-content\/uploads\/2017\/03\/Faja-embarazada.jpg 720w\" sizes=\"(max-width: 150px) 100vw, 150px\" \/><\/a>\n\t\t\t<\/dt>\n\t\t\t\t<dd class='wp-caption-text gallery-caption' id='gallery-2-1539'>\n\t\t\t\tFaja embarazada\n\t\t\t\t<\/dd><\/dl><dl class='gallery-item'>\n\t\t\t<dt class='gallery-icon landscape'>\n\t\t\t\t<a href='https:\/\/www.ortopediaortobalsa.com\/ortobalsa\/cojin-mimos\/'><img width=\"150\" height=\"150\" src=\"https:\/\/www.ortopediaortobalsa.com\/ortobalsa\/wp-content\/uploads\/2017\/03\/COJIN-MIMOS-150x150.jpg\" class=\"attachment-thumbnail size-thumbnail\" alt=\"\" loading=\"lazy\" aria-describedby=\"gallery-2-1538\" \/><\/a>\n\t\t\t<\/dt>\n\t\t\t\t<dd class='wp-caption-text gallery-caption' id='gallery-2-1538'>\n\t\t\t\tCoj\u00edn mimos\n\t\t\t\t<\/dd><\/dl><dl class='gallery-item'>\n\t\t\t<dt class='gallery-icon landscape'>\n\t\t\t\t<a href='https:\/\/www.ortopediaortobalsa.com\/ortobalsa\/almohada-abrazame\/'><img width=\"150\" height=\"150\" src=\"https:\/\/www.ortopediaortobalsa.com\/ortobalsa\/wp-content\/uploads\/2017\/03\/ALMOHADA-ABRAZAME-150x150.jpg\" class=\"attachment-thumbnail size-thumbnail\" alt=\"\" loading=\"lazy\" aria-describedby=\"gallery-2-1537\" \/><\/a>\n\t\t\t<\/dt>\n\t\t\t\t<dd class='wp-caption-text gallery-caption' id='gallery-2-1537'>\n\t\t\t\tAlmohada abr\u00e4zame\n\t\t\t\t<\/dd><\/dl><br style=\"clear: both\" \/><dl class='gallery-item'>\n\t\t\t<dt class='gallery-icon landscape'>\n\t\t\t\t<a href='https:\/\/www.ortopediaortobalsa.com\/ortobalsa\/premama_ninos_catalogo\/plantillas-infantiles-2\/'><img width=\"150\" height=\"150\" src=\"https:\/\/www.ortopediaortobalsa.com\/ortobalsa\/wp-content\/uploads\/2014\/01\/Plantillas-infantiles1-150x150.jpg\" class=\"attachment-thumbnail size-thumbnail\" alt=\"\" loading=\"lazy\" aria-describedby=\"gallery-2-742\" srcset=\"https:\/\/www.ortopediaortobalsa.com\/ortobalsa\/wp-content\/uploads\/2014\/01\/Plantillas-infantiles1-150x150.jpg 150w, https:\/\/www.ortopediaortobalsa.com\/ortobalsa\/wp-content\/uploads\/2014\/01\/Plantillas-infantiles1.jpg 155w\" sizes=\"(max-width: 150px) 100vw, 150px\" \/><\/a>\n\t\t\t<\/dt>\n\t\t\t\t<dd class='wp-caption-text gallery-caption' id='gallery-2-742'>\n\t\t\t\tPlantillas para ni\u00f1os\n\t\t\t\t<\/dd><\/dl><dl class='gallery-item'>\n\t\t\t<dt class='gallery-icon portrait'>\n\t\t\t\t<a href='https:\/\/www.ortopediaortobalsa.com\/ortobalsa\/premama_ninos_catalogo\/lesiones-infantiles\/'><img width=\"150\" height=\"150\" src=\"https:\/\/www.ortopediaortobalsa.com\/ortobalsa\/wp-content\/uploads\/2014\/01\/Lesiones-infantiles-150x150.jpg\" class=\"attachment-thumbnail size-thumbnail\" alt=\"\" loading=\"lazy\" aria-describedby=\"gallery-2-720\" \/><\/a>\n\t\t\t<\/dt>\n\t\t\t\t<dd class='wp-caption-text gallery-caption' id='gallery-2-720'>\n\t\t\t\tAtenci\u00f3n especializada infantil\n\t\t\t\t<\/dd><\/dl>\n\t\t\t<br style='clear: both' \/>\n\t\t<\/div>\n\n<p style=\"text-align: center;\"><span style=\"text-decoration: underline; color: #0000ff;\"><a style=\"color: #0000ff; text-decoration: underline;\" title=\"Cat\u00e1logo de productos Ortopedia Ortobalsa\" href=\"https:\/\/www.ortopediaortobalsa.com\/ortobalsa\/catalogo_ortopedia\/\">Volver al cat\u00e1logo de productos<\/a><\/span><\/p>\n","protected":false},"excerpt":{"rendered":"<p>Nuestros peques, tanto beb\u00e9s como ni\u00f1os, pueden sufrir diferentes lesiones y problemas que tienen soluci\u00f3n con un diagn\u00f3stico precoz y el adecuado tratamiento ortop\u00e9dico: malformaciones cong\u00e9nitas, problemas posturales o lesiones por juegos y ca\u00eddas. En Ortopedia Ortobalsa estaremos encantados de atender a tu hijo, dedic\u00e1ndole la atenci\u00f3n que necesita y&#8230;<\/p>\n","protected":false},"author":3,"featured_media":0,"parent":0,"menu_order":0,"comment_status":"closed","ping_status":"closed","template":"","meta":[],"_links":{"self":[{"href":"https:\/\/www.ortopediaortobalsa.com\/ortobalsa\/wp-json\/wp\/v2\/pages\/702"}],"collection":[{"href":"https:\/\/www.ortopediaortobalsa.com\/ortobalsa\/wp-json\/wp\/v2\/pages"}],"about":[{"href":"https:\/\/www.ortopediaortobalsa.com\/ortobalsa\/wp-json\/wp\/v2\/types\/page"}],"author":[{"embeddable":true,"href":"https:\/\/www.ortopediaortobalsa.com\/ortobalsa\/wp-json\/wp\/v2\/users\/3"}],"replies":[{"embeddable":true,"href":"https:\/\/www.ortopediaortobalsa.com\/ortobalsa\/wp-json\/wp\/v2\/comments?post=702"}],"version-history":[{"count":36,"href":"https:\/\/www.ortopediaortobalsa.com\/ortobalsa\/wp-json\/wp\/v2\/pages\/702\/revisions"}],"predecessor-version":[{"id":1545,"href":"https:\/\/www.ortopediaortobalsa.com\/ortobalsa\/wp-json\/wp\/v2\/pages\/702\/revisions\/1545"}],"wp:attachment":[{"href":"https:\/\/www.ortopediaortobalsa.com\/ortobalsa\/wp-json\/wp\/v2\/media?parent=702"}],"curies":[{"name":"wp","href":"https:\/\/api.w.org\/{rel}","templated":true}]}}